{"id":821,"date":"2025-02-19T20:28:12","date_gmt":"2025-02-19T20:28:12","guid":{"rendered":"https:\/\/rith.pt\/?page_id=821"},"modified":"2025-02-20T14:01:22","modified_gmt":"2025-02-20T14:01:22","slug":"politica-de-privacidade","status":"publish","type":"page","link":"https:\/\/rith.pt\/?page_id=821","title":{"rendered":"Pol\u00edtica de Privacidade"},"content":{"rendered":"<div class=\"wpb-content-wrapper\"><p>[vc_row][vc_column]<div class=\"unero-section-title \"><h2 class=\"title\">Pol\u00edtica de Privacidade<\/h2><\/div>[\/vc_column][\/vc_row][vc_row][vc_column][vc_column_text css=&#8221;&#8221;]<\/p>\n<ul>\n<li>\n<p class=\"subtitle\"><strong>Pol\u00edtica RITH<\/strong><\/p>\n<div class=\"sp-ex-small\"><\/div>\n<div class=\"page-content\">\n<p>A RITH SWIMWEAR rege-se por respeitar a privacidade dos utilizadores do seu site, bem como a prote\u00e7\u00e3o e seguran\u00e7a dos seus dados pessoais.<\/p>\n<p>Deste modo a presente pol\u00edtica de privacidade faz parte integrante dos termos de utiliza\u00e7\u00e3o do nosso site e informa os utilizadores sobre a forma como a RITH recolhe, trata e protege os dados pessoais.<\/p>\n<p>Ao completar uma compra, est\u00e1 impl\u00edcito que consente em fornecer os seus dados assim como os seus direitos relativamente a esses dados, nos termos do disposto no regulamento geral sobre a prote\u00e7\u00e3o de dados (\u201cRGPD\u201d) e na lei n\u00ba 58\/2019 sobre a prote\u00e7\u00e3o de dados pessoais (\u201cLPD\u201d).<\/p>\n<p>\u00c9 nosso compromisso respeitar a privacidade dos utilizadores do nosso site, bem como a prote\u00e7\u00e3o e seguran\u00e7a dos seus dados pessoais.<\/p>\n<p>O utilizador garante que os dados cedidos s\u00e3o verdadeiros, exatos, completos e atualizados, sendo respons\u00e1vel por qualquer dano ou preju\u00edzo, direto ou indireto, que possa resultar pelo cumprimento desta obriga\u00e7\u00e3o.<\/p>\n<p>Reservamo-nos ao direito de modificar esta pol\u00edtica de privacidade em qualquer altura, pelo que agradecemos que a reveja frequentemente. As altera\u00e7\u00f5es e esclarecimentos entrar\u00e3o em vigor imediatamente ap\u00f3s a sua publica\u00e7\u00e3o no site.<\/p>\n<\/div>\n<div class=\"sp-small\"><\/div>\n<\/li>\n<li>\n<p class=\"subtitle\"><strong>Tratamento dos Dados Pessoais<\/strong><\/p>\n<div class=\"sp-ex-small\"><\/div>\n<div class=\"page-content\">\n<p>A RITH SWIMWEAR \u00e9 a entidade respons\u00e1vel pelo tratamento de dados pessoais, e determina os fins e os meios de tratamento de dados pessoais do utilizador e atua de acordo com a legisla\u00e7\u00e3o sobre a prote\u00e7\u00e3o de dados.<\/p>\n<p>Para proteger os seus dados pessoais, tomamos precau\u00e7\u00f5es razo\u00e1veis e seguimos as melhores pr\u00e1ticas da ind\u00fastria para garantir que n\u00e3o sejam indevidamente perdidos, mal utilizados, acedidos, divulgados, alterados ou destru\u00eddos.<\/p>\n<p>Quando efetua uma compra no site, os dados pessoais solicitados s\u00e3o necess\u00e1rios para cumprimento de um contrato e de obriga\u00e7\u00f5es legais (nomeadamente fiscais) pela Cant\u00ea. Se n\u00e3o fornecer esses dados, n\u00e3o ser\u00e1 poss\u00edvel realizar uma compra atrav\u00e9s do site.<\/p>\n<p>Os dados pessoais ser\u00e3o utilizados para gerir o seu registo como utilizador, gerir a compra de produtos, responder \u00e0s suas perguntas, assim como para, se assim quiser, lhe enviarmos as nossas comunica\u00e7\u00f5es personalizadas.<\/p>\n<p>Caso o utilizador retire o seu consentimento, os seus dados pessoais deixar\u00e3o de ser tratados, exceto se existir outro fundamento jur\u00eddico que o permita ou exija e, por isso, n\u00e3o seja necess\u00e1rio o consentimento do titular dos dados.<\/p>\n<p>Este site n\u00e3o se destina \u00e0 utiliza\u00e7\u00e3o por menores. N\u00e3o \u00e9 inten\u00e7\u00e3o, nem pol\u00edtica da RITH proceder ao tratamento de dados pessoais de menores.<\/p>\n<p>Caso considere que a RITH tenha violado os direitos que lhe s\u00e3o reconhecidos pela legisla\u00e7\u00e3o relativa \u00e0 prote\u00e7\u00e3o de dados pessoais, poder\u00e1 apresentar uma reclama\u00e7\u00e3o perante a Comiss\u00e3o Nacional de Prote\u00e7\u00e3o de Dados.<\/p>\n<p>Os dados pessoais recolhidos ser\u00e3o conservados de forma a permitir a sua identifica\u00e7\u00e3o apenas durante o per\u00edodo necess\u00e1rio para as respetivas finalidades ou durante o prazo exigido por normas legais ou regulamentares, findo o qual os mesmos ser\u00e3o definitivamente eliminados.<\/p>\n<\/div>\n<div class=\"sp-small\"><\/div>\n<\/li>\n<li>\n<p class=\"subtitle\"><strong>Subcontratantes<\/strong><\/p>\n<div class=\"sp-ex-small\"><\/div>\n<div class=\"page-content\">\n<p>Os dados pessoais dos utilizadores podem ser comunicados a subcontratantes, que se comprometem a tratar esses dados \u00fanica e exclusivamente para o cumprimento das finalidades aqui indicadas e de acordo com indica\u00e7\u00f5es da RITH.<\/p>\n<p>A RITH poder\u00e1 ainda comunicar os dados pessoais a terceiros desde que para o efeito tenha obtido de forma inequ\u00edvoca o consentimento dos utilizadores ou ainda quando a transmiss\u00e3o seja efetuada no \u00e2mbito do cumprimento de uma obriga\u00e7\u00e3o legal ou de uma ordem judicial; e a comunica\u00e7\u00e3o seja levada a cabo para efeitos de uma finalidade leg\u00edtima prevista na lei.<\/p>\n<p>O tratamento dos dados dos utilizadores poder\u00e1 ser efetuado por um prestador de servi\u00e7os id\u00f3neo, contratado pela RITH. Este prestador de servi\u00e7os ir\u00e1 tratar os dados apenas para as finalidades estabelecidas pela RITH e seguindo as suas instru\u00e7\u00f5es precisas, cumprindo com rigor as normais legais sobre prote\u00e7\u00e3o de dados pessoais, seguran\u00e7a de informa\u00e7\u00e3o e demais legisla\u00e7\u00e3o aplic\u00e1vel.<\/p>\n<\/div>\n<\/li>\n<\/ul>\n<p>[\/vc_column_text][\/vc_column][\/vc_row]<\/p>\n<\/div>","protected":false},"excerpt":{"rendered":"<p>[vc_row][vc_column][\/vc_column][\/vc_row][vc_row][vc_column][vc_column_text css=&#8221;&#8221;] Pol\u00edtica RITH A RITH SWIMWEAR rege-se por respeitar a privacidade dos utilizadores do seu site, bem como a prote\u00e7\u00e3o e seguran\u00e7a dos seus dados pessoais. Deste modo a&hellip;<\/p>\n","protected":false},"author":1,"featured_media":0,"parent":0,"menu_order":0,"comment_status":"closed","ping_status":"closed","template":"","meta":{"footnotes":""},"class_list":["post-821","page","type-page","status-publish","hentry"],"_links":{"self":[{"href":"https:\/\/rith.pt\/index.php?rest_route=\/wp\/v2\/pages\/821","targetHints":{"allow":["GET"]}}],"collection":[{"href":"https:\/\/rith.pt\/index.php?rest_route=\/wp\/v2\/pages"}],"about":[{"href":"https:\/\/rith.pt\/index.php?rest_route=\/wp\/v2\/types\/page"}],"author":[{"embeddable":true,"href":"https:\/\/rith.pt\/index.php?rest_route=\/wp\/v2\/users\/1"}],"replies":[{"embeddable":true,"href":"https:\/\/rith.pt\/index.php?rest_route=%2Fwp%2Fv2%2Fcomments&post=821"}],"version-history":[{"count":7,"href":"https:\/\/rith.pt\/index.php?rest_route=\/wp\/v2\/pages\/821\/revisions"}],"predecessor-version":[{"id":888,"href":"https:\/\/rith.pt\/index.php?rest_route=\/wp\/v2\/pages\/821\/revisions\/888"}],"wp:attachment":[{"href":"https:\/\/rith.pt\/index.php?rest_route=%2Fwp%2Fv2%2Fmedia&parent=821"}],"curies":[{"name":"wp","href":"https:\/\/api.w.org\/{rel}","templated":true}]}}