{"id":738,"date":"2025-02-19T16:15:38","date_gmt":"2025-02-19T16:15:38","guid":{"rendered":"https:\/\/rith.pt\/?page_id=738"},"modified":"2025-02-20T21:00:18","modified_gmt":"2025-02-20T21:00:18","slug":"sobre","status":"publish","type":"page","link":"https:\/\/rith.pt\/?page_id=738","title":{"rendered":"Sobre"},"content":{"rendered":"<div class=\"wpb-content-wrapper\"><p>[vc_row][vc_column]<div class=\"unero-section-title \"><h2 class=\"title\">Rith Swimwear<\/h2><\/div>[vc_row_inner][vc_column_inner][\/vc_column_inner][\/vc_row_inner][\/vc_column][\/vc_row][vc_row][vc_column width=&#8221;1\/2&#8243;][vc_column_text css=&#8221;&#8221;]<\/p>\n<p class=\"cvGsUA direction-ltr align-start para-style-body\" style=\"text-align: left;\"><span class=\"OYPEnA font-feature-liga-off font-feature-clig-off font-feature-calt-off text-decoration-none text-strikethrough-none\">A Rith Swimwear nasceu em 2020 durante a pandemia. Mas a paix\u00e3o pelos biqu\u00ednis e pela costura come\u00e7ou muito antes. <\/span><\/p>\n<p class=\"cvGsUA direction-ltr align-start para-style-body\" style=\"text-align: left;\"><span class=\"OYPEnA font-feature-liga-off font-feature-clig-off font-feature-calt-off text-decoration-none text-strikethrough-none\">Tinha 12 anos quando recebi a minha primeira m\u00e1quina de costura, uma b\u00e1sica. Aos 16 os meus pais ofereceram-me uma corta e cose, que esteve fechada at\u00e9 2019. Foi o in\u00edcio da pandemia, um tempo mon\u00f3tono que me levou a aventurar e come\u00e7ar a fazer biqu\u00ednis sozinha, sem qualquer curso. <\/span><\/p>\n<p class=\"cvGsUA direction-ltr align-start para-style-body\" style=\"text-align: left;\"><span class=\"OYPEnA font-feature-liga-off font-feature-clig-off font-feature-calt-off text-decoration-none text-strikethrough-none\">Estamos em 2025 e lan\u00e7o uma cole\u00e7\u00e3o especial, &#8211; LISBOA &#8211; a cole\u00e7\u00e3o inspirada na minha cidade, cheia de cores e padr\u00f5es que nos fazem <\/span><span class=\"OYPEnA font-feature-liga-off font-feature-clig-off font-feature-calt-off text-decoration-none text-strikethrough-none\">lembrar os azulejos e mosaicos que revestem e d\u00e3o luz \u00e0 cidade.\u00a0<\/span><\/p>\n<p class=\"cvGsUA direction-ltr align-start para-style-body\" style=\"text-align: left;\"><span class=\"OYPEnA font-feature-liga-off font-feature-clig-off font-feature-calt-off text-decoration-none text-strikethrough-none\">Lisboa \u00e9 uma cole\u00e7\u00e3o especial, fotografada no cora\u00e7\u00e3o da cidade. Uma cole\u00e7\u00e3o que destaca os bairros mais antigos e ic\u00f3nicos.<\/span><\/p>\n<p class=\"cvGsUA direction-ltr align-start para-style-body\" style=\"text-align: left;\"><span class=\"OYPEnA font-feature-liga-off font-feature-clig-off font-feature-calt-off text-decoration-none text-strikethrough-none\">Como diz o Fado, \u201cLisboa, velha cidade cheia de encanto e beleza\u201d &#8211; Am\u00e1lia Rodrigues<\/span><\/p>\n<p>[\/vc_column_text][\/vc_column][vc_column width=&#8221;1\/2&#8243;][vc_single_image image=&#8221;504&#8243; img_size=&#8221;500&#215;400&#8243; css=&#8221;&#8221;][vc_empty_space][vc_column_text css=&#8221;&#8221;]<\/p>\n<p style=\"text-align: center;\">Rita Nazareth &#8211; criadora da Rith Swimwear<\/p>\n<p>[\/vc_column_text][\/vc_column][\/vc_row][vc_row][vc_column][\/vc_column][vc_column][vc_btn title=&#8221;SHOP NOW&#8221; style=&#8221;outline-custom&#8221; outline_custom_hover_background=&#8221;#FFFFFF&#8221; outline_custom_hover_text=&#8221;#000000&#8243; shape=&#8221;square&#8221; align=&#8221;center&#8221; css=&#8221;&#8221; link=&#8221;url:https%3A%2F%2Frith.pt%2F%3Fpage_id%3D928|title:biqu%C3%ADnis&#8221;][\/vc_column][\/vc_row]<\/p>\n<\/div>","protected":false},"excerpt":{"rendered":"<p>[vc_row][vc_column][vc_row_inner][vc_column_inner][\/vc_column_inner][\/vc_row_inner][\/vc_column][\/vc_row][vc_row][vc_column width=&#8221;1\/2&#8243;][vc_column_text css=&#8221;&#8221;] A Rith Swimwear nasceu em 2020 durante a pandemia. Mas a paix\u00e3o pelos biqu\u00ednis e pela costura come\u00e7ou muito antes. Tinha 12 anos quando recebi a minha&hellip;<\/p>\n","protected":false},"author":1,"featured_media":0,"parent":0,"menu_order":0,"comment_status":"closed","ping_status":"closed","template":"","meta":{"footnotes":""},"class_list":["post-738","page","type-page","status-publish","hentry"],"_links":{"self":[{"href":"https:\/\/rith.pt\/index.php?rest_route=\/wp\/v2\/pages\/738","targetHints":{"allow":["GET"]}}],"collection":[{"href":"https:\/\/rith.pt\/index.php?rest_route=\/wp\/v2\/pages"}],"about":[{"href":"https:\/\/rith.pt\/index.php?rest_route=\/wp\/v2\/types\/page"}],"author":[{"embeddable":true,"href":"https:\/\/rith.pt\/index.php?rest_route=\/wp\/v2\/users\/1"}],"replies":[{"embeddable":true,"href":"https:\/\/rith.pt\/index.php?rest_route=%2Fwp%2Fv2%2Fcomments&post=738"}],"version-history":[{"count":16,"href":"https:\/\/rith.pt\/index.php?rest_route=\/wp\/v2\/pages\/738\/revisions"}],"predecessor-version":[{"id":949,"href":"https:\/\/rith.pt\/index.php?rest_route=\/wp\/v2\/pages\/738\/revisions\/949"}],"wp:attachment":[{"href":"https:\/\/rith.pt\/index.php?rest_route=%2Fwp%2Fv2%2Fmedia&parent=738"}],"curies":[{"name":"wp","href":"https:\/\/api.w.org\/{rel}","templated":true}]}}