{"id":1073,"date":"2025-02-26T18:40:22","date_gmt":"2025-02-26T18:40:22","guid":{"rendered":"https:\/\/rith.pt\/?page_id=1073"},"modified":"2025-02-26T18:47:40","modified_gmt":"2025-02-26T18:47:40","slug":"a-minha-conta","status":"publish","type":"page","link":"https:\/\/rith.pt\/?page_id=1073","title":{"rendered":"A minha conta"},"content":{"rendered":"<div class=\"wpb-content-wrapper\"><p>[vc_row][vc_column]<div class=\"woocommerce\">\n<div class=\"woocommerce-notices-wrapper\"><\/div>\n<div class=\"customer-login\">\n\n\t<div class=\"row\">\n\n\t\t<div class=\"col-md-6 col-sm-6 col-md-offset-3 col-sm-offset-3 col-login\">\n\t\t\t<div class=\"unero-tabs\">\n\t\t\t\t<ul class=\"tabs-nav\">\n\t\t\t\t\t<li class=\"active\"><a href=\"#\" class=\"active\">Conecte-se<\/a><\/li>\n\t\t\t\t\t\t\t\t\t\t\t<li><a href=\"#\">Registrar<\/a><\/li>\n\t\t\t\t\t\t\t\t\t<\/ul>\n\t\t\t\t<div class=\"tabs-content\">\n\n\t\t\t\t\t<div class=\"tabs-panel active\">\n\n\t\t<form class=\"woocommerce-form woocommerce-form-login login\" method=\"post\">\n\n\t\t\t\t\t\t\t\n\t\t\t\t\t\t\t<p class=\"woocommerce-FormRow woocommerce-FormRow--wide form-row form-row-wide\">\n\t\t\t\t\t\t\t\t<input type=\"text\" placeholder=\"Nome de usu\u00e1rio\" class=\"woocommerce-Input woocommerce-Input--text input-text\" name=\"username\" id=\"username\" autocomplete=\"username\" value=\"\" \/>\n\t\t\t\t\t\t\t<\/p>\n\n\t\t\t\t\t\t\t<p class=\"woocommerce-FormRow woocommerce-FormRow--wide form-row form-row-wide form-row-password\">\n\t\t\t\t\t\t\t\t<input placeholder=\"Senha\" class=\"woocommerce-Input woocommerce-Input--text input-text\" type=\"password\" name=\"password\" id=\"password\" autocomplete=\"current-password\" \/>\n\t\t\t\t\t\t\t\t<a class=\"lost-password\" href=\"https:\/\/rith.pt\/?page_id=1073&#038;lost-password\">Esquecido?<\/a>\n\t\t\t\t\t\t\t<\/p>\n\n\t\t\t\t\t\t\t\n\t\t\t\t\t\t\t<p class=\"form-row\">\n\t\t\t\t\t\t\t\t<label for=\"rememberme\" class=\"inline rememberme\">\n\t\t\t\t\t\t\t\t\t<input class=\"woocommerce-Input woocommerce-Input--checkbox\" name=\"rememberme\" type=\"checkbox\" id=\"rememberme\" value=\"forever\" \/><span class=\"label\"> Lembre de mim<\/span>\n\t\t\t\t\t\t\t\t<\/label>\n\t\t\t\t\t\t\t\t<input type=\"hidden\" id=\"woocommerce-login-nonce\" name=\"woocommerce-login-nonce\" value=\"8a73c1068c\" \/><input type=\"hidden\" name=\"_wp_http_referer\" value=\"\/index.php?rest_route=%2Fwp%2Fv2%2Fpages%2F1073\" \/>\t\t\t\t\t\t\t\t<button type=\"submit\" class=\"woocommerce-button button woocommerce-form-login__submit\" name=\"login\" value=\"Conecte-se\">Conecte-se<\/button>\n\t\t\t\t\t\t\t<\/p>\n\n\t\t\t\t\t\t\t\n\t\t\t\t\t\t<\/form>\n\t\t\t\t\t<\/div>\n\n\t\t\t\t\t\n\t\t\t\t\t\t<div class=\"tabs-panel\">\n\n\n\t\t\t\t\t\t\t<form method=\"post\" class=\"woocommerce-form woocommerce-form-register register\"  >\n\n\t\t\t\t\t\t\t\t\n\t\t\t\t\t\t\t\t\n\t\t\t\t\t\t\t\t<p class=\"woocommerce-FormRow woocommerce-FormRow--wide form-row form-row-wide\">\n\t\t\t\t\t\t\t\t\t<input type=\"email\" placeholder=\"Endere\u00e7o de email\"  autocomplete=\"email\" class=\"woocommerce-Input woocommerce-Input--text input-text\" name=\"email\" id=\"reg_email\" value=\"\" \/>\n\t\t\t\t\t\t\t\t<\/p>\n\n\t\t\t\t\t\t\t\t\n                                    <p>Uma senha ser\u00e1 enviada para seu endere\u00e7o de e-mail.<\/p>\n\n\t\t\t\t\t\t\t\t\n\t\t\t\t\t\t\t\t<wc-order-attribution-inputs><\/wc-order-attribution-inputs><div class=\"woocommerce-privacy-policy-text\"><p>Os seus dados pessoais ser\u00e3o utilizados para melhorar a sua experi\u00eancia por toda a loja, para gerir o acesso \u00e0 sua conta e para os prop\u00f3sitos descritos na nossa <a href=\"https:\/\/rith.pt\/?page_id=821\" class=\"woocommerce-privacy-policy-link\" target=\"_blank\">privacy policy<\/a>.<\/p>\n<\/div>\n\t\t\t\t\t\t\t\t<p class=\"woocomerce-FormRow form-row\">\n\t\t\t\t\t\t\t\t\t<input type=\"hidden\" id=\"woocommerce-register-nonce\" name=\"woocommerce-register-nonce\" value=\"69d390ca0c\" \/><input type=\"hidden\" name=\"_wp_http_referer\" value=\"\/index.php?rest_route=%2Fwp%2Fv2%2Fpages%2F1073\" \/>\t\t\t\t\t\t\t\t\t<button type=\"submit\" class=\"woocommerce-Button woocommerce-button button woocommerce-form-register__submit\" name=\"register\" value=\"Registrar\">Registrar<\/button>\n\t\t\t\t\t\t\t\t<\/p>\n\n\t\t\t\t\t\t\t\t\n\t\t\t\t\t\t\t<\/form>\n\n\t\t\t\t\t\t<\/div>\n\n\t\t\t\t\t\t\t\t\t<\/div>\n\t\t\t<\/div>\n\t\t<\/div>\n\t<\/div>\n<\/div>\n<\/div>[\/vc_column][\/vc_row]<\/p>\n<\/div>","protected":false},"excerpt":{"rendered":"<p>[vc_row][vc_column][\/vc_column][\/vc_row]<\/p>\n","protected":false},"author":1,"featured_media":0,"parent":0,"menu_order":0,"comment_status":"closed","ping_status":"closed","template":"","meta":{"footnotes":""},"class_list":["post-1073","page","type-page","status-publish","hentry"],"_links":{"self":[{"href":"https:\/\/rith.pt\/index.php?rest_route=\/wp\/v2\/pages\/1073","targetHints":{"allow":["GET"]}}],"collection":[{"href":"https:\/\/rith.pt\/index.php?rest_route=\/wp\/v2\/pages"}],"about":[{"href":"https:\/\/rith.pt\/index.php?rest_route=\/wp\/v2\/types\/page"}],"author":[{"embeddable":true,"href":"https:\/\/rith.pt\/index.php?rest_route=\/wp\/v2\/users\/1"}],"replies":[{"embeddable":true,"href":"https:\/\/rith.pt\/index.php?rest_route=%2Fwp%2Fv2%2Fcomments&post=1073"}],"version-history":[{"count":2,"href":"https:\/\/rith.pt\/index.php?rest_route=\/wp\/v2\/pages\/1073\/revisions"}],"predecessor-version":[{"id":1080,"href":"https:\/\/rith.pt\/index.php?rest_route=\/wp\/v2\/pages\/1073\/revisions\/1080"}],"wp:attachment":[{"href":"https:\/\/rith.pt\/index.php?rest_route=%2Fwp%2Fv2%2Fmedia&parent=1073"}],"curies":[{"name":"wp","href":"https:\/\/api.w.org\/{rel}","templated":true}]}}